{"id":742,"date":"2016-10-14T08:55:12","date_gmt":"2016-10-14T05:55:12","guid":{"rendered":"http:\/\/dev.zeniitti.fi\/saurus-dev\/en\/yritys\/"},"modified":"2025-12-09T15:01:31","modified_gmt":"2025-12-09T13:01:31","slug":"company","status":"publish","type":"page","link":"https:\/\/www.saurus.fi\/en\/company\/","title":{"rendered":"Company"},"content":{"rendered":"<div id=\"pl-742\"  class=\"panel-layout\" ><div id=\"pg-742-0\"  class=\"panel-grid panel-has-style\" ><div class=\"panel-row-style panel-row-style-for-742-0\" ><div id=\"pgc-742-0-0\"  class=\"panel-grid-cell\" ><div id=\"panel-742-0-0-0\" class=\"so-panel widget widget_sow-editor panel-first-child panel-last-child\" data-index=\"0\" ><div\n\t\t\t\n\t\t\tclass=\"so-widget-sow-editor so-widget-sow-editor-base\"\n\t\t\t\n\t\t>\n<div class=\"siteorigin-widget-tinymce textwidget\">\n\t<h1>A Finnish expert manufacturer of fire engines and rescue vehicles.<\/h1>\n<\/div>\n<\/div><\/div><\/div><\/div><\/div><div id=\"pg-742-1\"  class=\"panel-grid panel-no-style\" ><div id=\"pgc-742-1-0\"  class=\"panel-grid-cell\" ><div id=\"panel-742-1-0-0\" class=\"so-panel widget widget_sow-image panel-first-child panel-last-child\" data-index=\"1\" ><div\n\t\t\t\n\t\t\tclass=\"so-widget-sow-image so-widget-sow-image-default-8b5b6f678277-742\"\n\t\t\t\n\t\t>\n<div class=\"sow-image-container\">\n\t\t<img \n\tsrc=\"https:\/\/www.saurus.fi\/wp-content\/uploads\/2016\/10\/MG_2294.jpg\" width=\"1000\" height=\"534\" srcset=\"https:\/\/www.saurus.fi\/wp-content\/uploads\/2016\/10\/MG_2294.jpg 1000w, https:\/\/www.saurus.fi\/wp-content\/uploads\/2016\/10\/MG_2294-150x80.jpg 150w, https:\/\/www.saurus.fi\/wp-content\/uploads\/2016\/10\/MG_2294-300x160.jpg 300w, https:\/\/www.saurus.fi\/wp-content\/uploads\/2016\/10\/MG_2294-768x410.jpg 768w\" sizes=\"(max-width: 1000px) 100vw, 1000px\" title=\"Saurus\" alt=\"Saurus\" \t\tclass=\"so-widget-image\"\/>\n\t<\/div>\n\n<\/div><\/div><\/div><\/div><div id=\"pg-742-2\"  class=\"panel-grid panel-no-style\" ><div id=\"pgc-742-2-0\"  class=\"panel-grid-cell\" ><div id=\"panel-742-2-0-0\" class=\"so-panel widget widget_sow-editor panel-first-child panel-last-child\" data-index=\"2\" ><div\n\t\t\t\n\t\t\tclass=\"so-widget-sow-editor so-widget-sow-editor-base\"\n\t\t\t\n\t\t>\n<div class=\"siteorigin-widget-tinymce textwidget\">\n\t<p>Saurus vehicles have been manufactured in S\u00e4yn\u00e4tsalo, Jyv\u00e4skyl\u00e4 since 1982. Saurus is an established brand in Finnish rescue vehicle production with over 2,000 delivered vehicles both in Finland and abroad. Saurus Oy employs 70 manufacturing professionals and a vast network of subcontractors.<\/p>\n<p>Saurus Oy (Sammutin Oy until 2017) belongs to <a href=\"https:\/\/www.nordicrescuegroup.com\/\" target=\"_blank\" rel=\"noopener\">Nordic Rescue Group<\/a>, a Finnish manufacturer of special vehicles. Other Group company include is <a href=\"https:\/\/salabrand.se\" target=\"_blank\" rel=\"noopener\">Sala Brand AB<\/a>, a company manufacturing fire and rescue vehicles in Sweden.<\/p>\n<\/div>\n<\/div><\/div><\/div><div id=\"pgc-742-2-1\"  class=\"panel-grid-cell\" ><div id=\"panel-742-2-1-0\" class=\"so-panel widget widget_sow-image panel-first-child panel-last-child\" data-index=\"3\" ><div\n\t\t\t\n\t\t\tclass=\"so-widget-sow-image so-widget-sow-image-default-8b5b6f678277-742\"\n\t\t\t\n\t\t>\n<div class=\"sow-image-container\">\n\t\t<img \n\tsrc=\"https:\/\/www.saurus.fi\/wp-content\/uploads\/2020\/03\/Kiina-Combi-1-scaled.jpg\" width=\"2560\" height=\"1920\" srcset=\"https:\/\/www.saurus.fi\/wp-content\/uploads\/2020\/03\/Kiina-Combi-1-scaled.jpg 2560w, https:\/\/www.saurus.fi\/wp-content\/uploads\/2020\/03\/Kiina-Combi-1-300x225.jpg 300w, https:\/\/www.saurus.fi\/wp-content\/uploads\/2020\/03\/Kiina-Combi-1-1024x768.jpg 1024w, https:\/\/www.saurus.fi\/wp-content\/uploads\/2020\/03\/Kiina-Combi-1-150x113.jpg 150w, https:\/\/www.saurus.fi\/wp-content\/uploads\/2020\/03\/Kiina-Combi-1-768x576.jpg 768w, https:\/\/www.saurus.fi\/wp-content\/uploads\/2020\/03\/Kiina-Combi-1-1536x1152.jpg 1536w, https:\/\/www.saurus.fi\/wp-content\/uploads\/2020\/03\/Kiina-Combi-1-2048x1536.jpg 2048w\" sizes=\"(max-width: 2560px) 100vw, 2560px\" title=\"sdr\" alt=\"\" \t\tclass=\"so-widget-image\"\/>\n\t<\/div>\n\n<\/div><\/div><\/div><\/div><div id=\"pg-742-3\"  class=\"panel-grid panel-no-style\" ><div id=\"pgc-742-3-0\"  class=\"panel-grid-cell\" ><div id=\"panel-742-3-0-0\" class=\"so-panel widget widget_sow-editor panel-first-child panel-last-child\" data-index=\"4\" ><div\n\t\t\t\n\t\t\tclass=\"so-widget-sow-editor so-widget-sow-editor-base\"\n\t\t\t\n\t\t>\n<div class=\"siteorigin-widget-tinymce textwidget\">\n\t<p>The major owner of the Nordic Rescue Group Oy is KH Group Oyj that is a listed (Nasdaq Helsinki) private equity investment company (<a href=\"https:\/\/khgroup.com\/en\/\">www.khgroup.com<\/a>). The other main owner is Tesi (Finnish Industry Investment Ltd) that is a state-owned investment company (<a href=\"https:\/\/www.tesi.fi\/en\/\" target=\"_blank\" rel=\"noopener\">www.tesi.fi<\/a>).<\/p>\n<\/div>\n<\/div><\/div><\/div><div id=\"pgc-742-3-1\"  class=\"panel-grid-cell\" ><div id=\"panel-742-3-1-0\" class=\"so-panel widget widget_sow-image panel-first-child panel-last-child\" data-index=\"5\" ><div\n\t\t\t\n\t\t\tclass=\"so-widget-sow-image so-widget-sow-image-default-8b5b6f678277-742\"\n\t\t\t\n\t\t>\n<div class=\"sow-image-container\">\n\t\t<img \n\tsrc=\"https:\/\/www.saurus.fi\/wp-content\/uploads\/2022\/04\/13013-328.jpg\" width=\"800\" height=\"567\" srcset=\"https:\/\/www.saurus.fi\/wp-content\/uploads\/2022\/04\/13013-328.jpg 800w, https:\/\/www.saurus.fi\/wp-content\/uploads\/2022\/04\/13013-328-300x213.jpg 300w, https:\/\/www.saurus.fi\/wp-content\/uploads\/2022\/04\/13013-328-150x106.jpg 150w, https:\/\/www.saurus.fi\/wp-content\/uploads\/2022\/04\/13013-328-768x544.jpg 768w\" sizes=\"(max-width: 800px) 100vw, 800px\" title=\"Saurus FSC13\/Cobra\" alt=\"\" \t\tclass=\"so-widget-image\"\/>\n\t<\/div>\n\n<\/div><\/div><\/div><\/div><div id=\"pg-742-4\"  class=\"panel-grid panel-no-style\" ><div id=\"pgc-742-4-0\"  class=\"panel-grid-cell\" ><div id=\"panel-742-4-0-0\" class=\"so-panel widget widget_sow-editor panel-first-child panel-last-child\" data-index=\"6\" ><div\n\t\t\t\n\t\t\tclass=\"so-widget-sow-editor so-widget-sow-editor-base\"\n\t\t\t\n\t\t>\n<div class=\"siteorigin-widget-tinymce textwidget\">\n\t<p>Saurus Oy has been awarded the ISO 9001 \u2013 ISO 14001 and AQAP 2110 certificates.<\/p>\n<\/div>\n<\/div><\/div><\/div><div id=\"pgc-742-4-1\"  class=\"panel-grid-cell\" ><div id=\"panel-742-4-1-0\" class=\"so-panel widget widget_sow-image panel-first-child panel-last-child\" data-index=\"7\" ><div\n\t\t\t\n\t\t\tclass=\"so-widget-sow-image so-widget-sow-image-default-8b5b6f678277-742\"\n\t\t\t\n\t\t>\n<div class=\"sow-image-container\">\n\t\t<img \n\tsrc=\"https:\/\/www.saurus.fi\/wp-content\/uploads\/2022\/05\/ManagementSysCert_ISO9001_14001_col.png\" width=\"240\" height=\"240\" srcset=\"https:\/\/www.saurus.fi\/wp-content\/uploads\/2022\/05\/ManagementSysCert_ISO9001_14001_col.png 591w, https:\/\/www.saurus.fi\/wp-content\/uploads\/2022\/05\/ManagementSysCert_ISO9001_14001_col-250x300.png 250w, https:\/\/www.saurus.fi\/wp-content\/uploads\/2022\/05\/ManagementSysCert_ISO9001_14001_col-125x150.png 125w\" sizes=\"(max-width: 200px) 100vw, 200px\" alt=\"\" \t\tclass=\"so-widget-image\"\/>\n\t<\/div>\n\n<\/div><\/div><\/div><div id=\"pgc-742-4-2\"  class=\"panel-grid-cell\" ><div id=\"panel-742-4-2-0\" class=\"so-panel widget widget_sow-image panel-first-child panel-last-child\" data-index=\"8\" ><div\n\t\t\t\n\t\t\tclass=\"so-widget-sow-image so-widget-sow-image-default-8b5b6f678277-742\"\n\t\t\t\n\t\t>\n<div class=\"sow-image-container\">\n\t\t<img \n\tsrc=\"https:\/\/www.saurus.fi\/wp-content\/uploads\/2025\/12\/Kiwa-FI-AQAP-2110-133x150.jpg\" width=\"128\" height=\"119\" srcset=\"https:\/\/www.saurus.fi\/wp-content\/uploads\/2025\/12\/Kiwa-FI-AQAP-2110-133x150.jpg 133w, https:\/\/www.saurus.fi\/wp-content\/uploads\/2025\/12\/Kiwa-FI-AQAP-2110-267x300.jpg 267w, https:\/\/www.saurus.fi\/wp-content\/uploads\/2025\/12\/Kiwa-FI-AQAP-2110-910x1024.jpg 910w, https:\/\/www.saurus.fi\/wp-content\/uploads\/2025\/12\/Kiwa-FI-AQAP-2110-768x864.jpg 768w, https:\/\/www.saurus.fi\/wp-content\/uploads\/2025\/12\/Kiwa-FI-AQAP-2110.jpg 945w\" sizes=\"(max-width: 106px) 100vw, 106px\" alt=\"\" \t\tclass=\"so-widget-image\"\/>\n\t<\/div>\n\n<\/div><\/div><\/div><\/div><\/div>","protected":false},"excerpt":{"rendered":"<p>A Finnish expert manufacturer of fire engines and rescue vehicles.<\/p>\n","protected":false},"author":1,"featured_media":0,"parent":0,"menu_order":47,"comment_status":"closed","ping_status":"closed","template":"","meta":{"_acf_changed":false,"footnotes":""},"categories":[37],"tags":[],"class_list":["post-742","page","type-page","status-publish","hentry","category-tietoja_sauruksesta-en"],"acf":[],"yoast_head":"<!-- This site is optimized with the Yoast SEO plugin v27.4 - https:\/\/yoast.com\/product\/yoast-seo-wordpress\/ -->\n<title>Company - Saurus<\/title>\n<meta name=\"robots\" content=\"index, follow, max-snippet:-1, max-image-preview:large, max-video-preview:-1\" \/>\n<link rel=\"canonical\" href=\"https:\/\/www.saurus.fi\/en\/company\/\" \/>\n<meta property=\"og:locale\" content=\"en_US\" \/>\n<meta property=\"og:type\" content=\"article\" \/>\n<meta property=\"og:title\" content=\"Company - Saurus\" \/>\n<meta property=\"og:description\" content=\"A Finnish expert manufacturer of fire engines and rescue vehicles.\" \/>\n<meta property=\"og:url\" content=\"https:\/\/www.saurus.fi\/en\/company\/\" \/>\n<meta property=\"og:site_name\" content=\"Saurus\" \/>\n<meta property=\"article:modified_time\" content=\"2025-12-09T13:01:31+00:00\" \/>\n<meta name=\"twitter:card\" content=\"summary_large_image\" \/>\n<meta name=\"twitter:label1\" content=\"Est. reading time\" \/>\n\t<meta name=\"twitter:data1\" content=\"2 minutes\" \/>\n<script type=\"application\/ld+json\" class=\"yoast-schema-graph\">{\"@context\":\"https:\\\/\\\/schema.org\",\"@graph\":[{\"@type\":\"WebPage\",\"@id\":\"https:\\\/\\\/www.saurus.fi\\\/en\\\/company\\\/\",\"url\":\"https:\\\/\\\/www.saurus.fi\\\/en\\\/company\\\/\",\"name\":\"Company - Saurus\",\"isPartOf\":{\"@id\":\"https:\\\/\\\/www.saurus.fi\\\/en\\\/#website\"},\"datePublished\":\"2016-10-14T05:55:12+00:00\",\"dateModified\":\"2025-12-09T13:01:31+00:00\",\"breadcrumb\":{\"@id\":\"https:\\\/\\\/www.saurus.fi\\\/en\\\/company\\\/#breadcrumb\"},\"inLanguage\":\"en-US\",\"potentialAction\":[{\"@type\":\"ReadAction\",\"target\":[\"https:\\\/\\\/www.saurus.fi\\\/en\\\/company\\\/\"]}]},{\"@type\":\"BreadcrumbList\",\"@id\":\"https:\\\/\\\/www.saurus.fi\\\/en\\\/company\\\/#breadcrumb\",\"itemListElement\":[{\"@type\":\"ListItem\",\"position\":1,\"name\":\"Etusivu\",\"item\":\"https:\\\/\\\/www.saurus.fi\\\/en\\\/\"},{\"@type\":\"ListItem\",\"position\":2,\"name\":\"Company\"}]},{\"@type\":\"WebSite\",\"@id\":\"https:\\\/\\\/www.saurus.fi\\\/en\\\/#website\",\"url\":\"https:\\\/\\\/www.saurus.fi\\\/en\\\/\",\"name\":\"Saurus\",\"description\":\"\",\"potentialAction\":[{\"@type\":\"SearchAction\",\"target\":{\"@type\":\"EntryPoint\",\"urlTemplate\":\"https:\\\/\\\/www.saurus.fi\\\/en\\\/?s={search_term_string}\"},\"query-input\":{\"@type\":\"PropertyValueSpecification\",\"valueRequired\":true,\"valueName\":\"search_term_string\"}}],\"inLanguage\":\"en-US\"}]}<\/script>\n<!-- \/ Yoast SEO plugin. -->","yoast_head_json":{"title":"Company - Saurus","robots":{"index":"index","follow":"follow","max-snippet":"max-snippet:-1","max-image-preview":"max-image-preview:large","max-video-preview":"max-video-preview:-1"},"canonical":"https:\/\/www.saurus.fi\/en\/company\/","og_locale":"en_US","og_type":"article","og_title":"Company - Saurus","og_description":"A Finnish expert manufacturer of fire engines and rescue vehicles.","og_url":"https:\/\/www.saurus.fi\/en\/company\/","og_site_name":"Saurus","article_modified_time":"2025-12-09T13:01:31+00:00","twitter_card":"summary_large_image","twitter_misc":{"Est. reading time":"2 minutes"},"schema":{"@context":"https:\/\/schema.org","@graph":[{"@type":"WebPage","@id":"https:\/\/www.saurus.fi\/en\/company\/","url":"https:\/\/www.saurus.fi\/en\/company\/","name":"Company - Saurus","isPartOf":{"@id":"https:\/\/www.saurus.fi\/en\/#website"},"datePublished":"2016-10-14T05:55:12+00:00","dateModified":"2025-12-09T13:01:31+00:00","breadcrumb":{"@id":"https:\/\/www.saurus.fi\/en\/company\/#breadcrumb"},"inLanguage":"en-US","potentialAction":[{"@type":"ReadAction","target":["https:\/\/www.saurus.fi\/en\/company\/"]}]},{"@type":"BreadcrumbList","@id":"https:\/\/www.saurus.fi\/en\/company\/#breadcrumb","itemListElement":[{"@type":"ListItem","position":1,"name":"Etusivu","item":"https:\/\/www.saurus.fi\/en\/"},{"@type":"ListItem","position":2,"name":"Company"}]},{"@type":"WebSite","@id":"https:\/\/www.saurus.fi\/en\/#website","url":"https:\/\/www.saurus.fi\/en\/","name":"Saurus","description":"","potentialAction":[{"@type":"SearchAction","target":{"@type":"EntryPoint","urlTemplate":"https:\/\/www.saurus.fi\/en\/?s={search_term_string}"},"query-input":{"@type":"PropertyValueSpecification","valueRequired":true,"valueName":"search_term_string"}}],"inLanguage":"en-US"}]}},"_links":{"self":[{"href":"https:\/\/www.saurus.fi\/en\/wp-json\/wp\/v2\/pages\/742","targetHints":{"allow":["GET"]}}],"collection":[{"href":"https:\/\/www.saurus.fi\/en\/wp-json\/wp\/v2\/pages"}],"about":[{"href":"https:\/\/www.saurus.fi\/en\/wp-json\/wp\/v2\/types\/page"}],"author":[{"embeddable":true,"href":"https:\/\/www.saurus.fi\/en\/wp-json\/wp\/v2\/users\/1"}],"replies":[{"embeddable":true,"href":"https:\/\/www.saurus.fi\/en\/wp-json\/wp\/v2\/comments?post=742"}],"version-history":[{"count":39,"href":"https:\/\/www.saurus.fi\/en\/wp-json\/wp\/v2\/pages\/742\/revisions"}],"predecessor-version":[{"id":20114,"href":"https:\/\/www.saurus.fi\/en\/wp-json\/wp\/v2\/pages\/742\/revisions\/20114"}],"wp:attachment":[{"href":"https:\/\/www.saurus.fi\/en\/wp-json\/wp\/v2\/media?parent=742"}],"wp:term":[{"taxonomy":"category","embeddable":true,"href":"https:\/\/www.saurus.fi\/en\/wp-json\/wp\/v2\/categories?post=742"},{"taxonomy":"post_tag","embeddable":true,"href":"https:\/\/www.saurus.fi\/en\/wp-json\/wp\/v2\/tags?post=742"}],"curies":[{"name":"wp","href":"https:\/\/api.w.org\/{rel}","templated":true}]}}